{"id":28,"date":"2025-11-26T09:50:43","date_gmt":"2025-11-26T09:50:43","guid":{"rendered":"https:\/\/kopliautoteenindus.ee\/meist\/"},"modified":"2025-12-29T14:10:05","modified_gmt":"2025-12-29T12:10:05","slug":"meist","status":"publish","type":"page","link":"https:\/\/kopliautoteenindus.ee\/ru\/meist\/","title":{"rendered":"\u041e \u043d\u0430\u0441"},"content":{"rendered":"<div class=\"wp-block-group alignfull has-background-background-color has-background has-global-padding is-layout-constrained wp-container-core-group-is-layout-fb85e995 wp-block-group-is-layout-constrained\" id=\"meist\" style=\"margin-top:0;margin-bottom:0;padding-top:var(--wp--preset--spacing--60);padding-right:var(--wp--preset--spacing--30);padding-bottom:var(--wp--preset--spacing--60);padding-left:var(--wp--preset--spacing--30)\">\n<h2 class=\"wp-block-heading has-text-align-center has-large-font-size\">\u041d\u0430\u0434\u0451\u0436\u043d\u044b\u0439 \u0440\u0435\u043c\u043e\u043d\u0442 \u0438 \u043e\u0431\u0441\u043b\u0443\u0436\u0438\u0432\u0430\u043d\u0438\u0435 \u0432\u0430\u0448\u0435\u0433\u043e \u0430\u0432\u0442\u043e\u043c\u043e\u0431\u0438\u043b\u044f<\/h2>\n\n\n\n<p class=\"has-text-align-center\" style=\"margin-top:16px\"><strong>\u041d\u0430\u0448\u0430 \u0446\u0435\u043b\u044c \u2014 \u043e\u0431\u0435\u0441\u043f\u0435\u0447\u0438\u0442\u044c \u043f\u0440\u043e\u0444\u0435\u0441\u0441\u0438\u043e\u043d\u0430\u043b\u044c\u043d\u044b\u0439 \u0440\u0435\u043c\u043e\u043d\u0442 \u0438 \u043e\u0431\u0441\u043b\u0443\u0436\u0438\u0432\u0430\u043d\u0438\u0435, \u0447\u0442\u043e\u0431\u044b \u0432\u0430\u0448 \u0430\u0432\u0442\u043e\u043c\u043e\u0431\u0438\u043b\u044c \u0432\u0441\u0435\u0433\u0434\u0430 \u0431\u044b\u043b \u0432 \u043e\u0442\u043b\u0438\u0447\u043d\u043e\u043c \u0441\u043e\u0441\u0442\u043e\u044f\u043d\u0438\u0438. \u041c\u044b \u0440\u0430\u0437\u0434\u0435\u043b\u044f\u0435\u043c \u0441\u0442\u0440\u0430\u0441\u0442\u044c \u043a \u043a\u0430\u0447\u0435\u0441\u0442\u0432\u0443 \u0438 \u043d\u0430\u0434\u0451\u0436\u043d\u043e\u0441\u0442\u0438, \u0447\u0442\u043e \u043b\u0435\u0436\u0438\u0442 \u0432 \u043e\u0441\u043d\u043e\u0432\u0435 \u0432\u0441\u0435\u0445 \u043d\u0430\u0448\u0438\u0445 \u0443\u0441\u043b\u0443\u0433 \u0438 \u0433\u0430\u0440\u0430\u043d\u0442\u0438\u0440\u0443\u0435\u0442 \u0443\u0434\u043e\u0432\u043b\u0435\u0442\u0432\u043e\u0440\u0451\u043d\u043d\u043e\u0441\u0442\u044c \u043a\u043b\u0438\u0435\u043d\u0442\u043e\u0432.<\/strong><\/p>\n\n\n\n<p class=\"has-text-align-center\"><strong>\u041f\u0435\u0440\u0435\u0434 \u043d\u0430\u0447\u0430\u043b\u043e\u043c \u043b\u044e\u0431\u044b\u0445 \u0440\u0430\u0431\u043e\u0442 \u043c\u044b \u0434\u043e\u0433\u043e\u0432\u0430\u0440\u0438\u0432\u0430\u0435\u043c\u0441\u044f \u0441 \u0412\u0430\u043c\u0438 \u043e \u0442\u043e\u0447\u043d\u043e\u0439 \u0446\u0435\u043d\u0435.<br>\u042d\u0442\u0430 \u0446\u0435\u043d\u0430 \u043d\u0438\u043a\u043e\u0433\u0434\u0430 \u043d\u0435 \u043c\u0435\u043d\u044f\u0435\u0442\u0441\u044f \u0431\u0435\u0437 \u0412\u0430\u0448\u0435\u0433\u043e \u043f\u0440\u0435\u0434\u0432\u0430\u0440\u0438\u0442\u0435\u043b\u044c\u043d\u043e\u0433\u043e \u043f\u043e\u0434\u0442\u0432\u0435\u0440\u0436\u0434\u0435\u043d\u0438\u044f \u0438 \u0441\u043e\u0433\u043b\u0430\u0441\u0438\u044f.\n\u041d\u0430\u0448 \u043f\u0440\u0438\u043d\u0446\u0438\u043f: \u043f\u0440\u043e\u0437\u0440\u0430\u0447\u043d\u043e\u0441\u0442\u044c \u0438 \u0447\u0435\u0441\u0442\u043d\u043e\u0441\u0442\u044c \u043d\u0430 \u043a\u0430\u0436\u0434\u043e\u043c \u044d\u0442\u0430\u043f\u0435<\/strong><\/p>\n\n\n\n<figure class=\"wp-block-gallery alignwide has-nested-images columns-default is-cropped wp-block-gallery-1 is-layout-flex wp-block-gallery-is-layout-flex\">\n<figure data-wp-context=\"{&quot;imageId&quot;:&quot;69e7caef8c9ed&quot;}\" data-wp-interactive=\"core\/image\" data-wp-key=\"69e7caef8c9ed\" class=\"wp-block-image wp-lightbox-container\"><img loading=\"lazy\" decoding=\"async\" width=\"1440\" height=\"810\" data-wp-class--hide=\"state.isContentHidden\" data-wp-class--show=\"state.isContentVisible\" data-wp-init=\"callbacks.setButtonStyles\" data-wp-on--click=\"actions.showLightbox\" data-wp-on--load=\"callbacks.setButtonStyles\" data-wp-on-window--resize=\"callbacks.setButtonStyles\" data-id=\"44\" src=\"https:\/\/kopliautoteenindus.ee\/wp-content\/uploads\/2025\/11\/6940ccd2bed4d373b692ac31556207fbd26787cf.jpg\" alt=\"\" class=\"wp-image-44\" style=\"aspect-ratio:3\/4;object-fit:cover\" srcset=\"https:\/\/kopliautoteenindus.ee\/wp-content\/uploads\/2025\/11\/6940ccd2bed4d373b692ac31556207fbd26787cf.jpg 1440w, https:\/\/kopliautoteenindus.ee\/wp-content\/uploads\/2025\/11\/6940ccd2bed4d373b692ac31556207fbd26787cf-300x169.jpg 300w, https:\/\/kopliautoteenindus.ee\/wp-content\/uploads\/2025\/11\/6940ccd2bed4d373b692ac31556207fbd26787cf-1024x576.jpg 1024w, https:\/\/kopliautoteenindus.ee\/wp-content\/uploads\/2025\/11\/6940ccd2bed4d373b692ac31556207fbd26787cf-768x432.jpg 768w\" sizes=\"auto, (max-width: 1440px) 100vw, 1440px\" \/><button\n\t\t\tclass=\"lightbox-trigger\"\n\t\t\ttype=\"button\"\n\t\t\taria-haspopup=\"dialog\"\n\t\t\taria-label=\"\u0423\u0432\u0435\u043b\u0438\u0447\u0438\u0442\u044c\"\n\t\t\tdata-wp-init=\"callbacks.initTriggerButton\"\n\t\t\tdata-wp-on--click=\"actions.showLightbox\"\n\t\t\tdata-wp-style--right=\"state.imageButtonRight\"\n\t\t\tdata-wp-style--top=\"state.imageButtonTop\"\n\t\t>\n\t\t\t<svg xmlns=\"http:\/\/www.w3.org\/2000\/svg\" width=\"12\" height=\"12\" fill=\"none\" viewbox=\"0 0 12 12\">\n\t\t\t\t<path fill=\"#fff\" d=\"M2 0a2 2 0 0 0-2 2v2h1.5V2a.5.5 0 0 1 .5-.5h2V0H2Zm2 10.5H2a.5.5 0 0 1-.5-.5V8H0v2a2 2 0 0 0 2 2h2v-1.5ZM8 12v-1.5h2a.5.5 0 0 0 .5-.5V8H12v2a2 2 0 0 1-2 2H8Zm2-12a2 2 0 0 1 2 2v2h-1.5V2a.5.5 0 0 0-.5-.5H8V0h2Z\" \/>\n\t\t\t<\/svg>\n\t\t<\/button><\/figure>\n\n\n\n<figure data-wp-context=\"{&quot;imageId&quot;:&quot;69e7caef8cd44&quot;}\" data-wp-interactive=\"core\/image\" data-wp-key=\"69e7caef8cd44\" class=\"wp-block-image wp-lightbox-container\"><img loading=\"lazy\" decoding=\"async\" width=\"1440\" height=\"1440\" data-wp-class--hide=\"state.isContentHidden\" data-wp-class--show=\"state.isContentVisible\" data-wp-init=\"callbacks.setButtonStyles\" data-wp-on--click=\"actions.showLightbox\" data-wp-on--load=\"callbacks.setButtonStyles\" data-wp-on-window--resize=\"callbacks.setButtonStyles\" data-id=\"45\" src=\"https:\/\/kopliautoteenindus.ee\/wp-content\/uploads\/2025\/11\/c5e65bc2c6c1a2c18e7eae58a147b3229c68cfff.jpg\" alt=\"\" class=\"wp-image-45\" style=\"aspect-ratio:3\/4;object-fit:cover\" srcset=\"https:\/\/kopliautoteenindus.ee\/wp-content\/uploads\/2025\/11\/c5e65bc2c6c1a2c18e7eae58a147b3229c68cfff.jpg 1440w, https:\/\/kopliautoteenindus.ee\/wp-content\/uploads\/2025\/11\/c5e65bc2c6c1a2c18e7eae58a147b3229c68cfff-300x300.jpg 300w, https:\/\/kopliautoteenindus.ee\/wp-content\/uploads\/2025\/11\/c5e65bc2c6c1a2c18e7eae58a147b3229c68cfff-1024x1024.jpg 1024w, https:\/\/kopliautoteenindus.ee\/wp-content\/uploads\/2025\/11\/c5e65bc2c6c1a2c18e7eae58a147b3229c68cfff-150x150.jpg 150w, https:\/\/kopliautoteenindus.ee\/wp-content\/uploads\/2025\/11\/c5e65bc2c6c1a2c18e7eae58a147b3229c68cfff-768x768.jpg 768w\" sizes=\"auto, (max-width: 1440px) 100vw, 1440px\" \/><button\n\t\t\tclass=\"lightbox-trigger\"\n\t\t\ttype=\"button\"\n\t\t\taria-haspopup=\"dialog\"\n\t\t\taria-label=\"\u0423\u0432\u0435\u043b\u0438\u0447\u0438\u0442\u044c\"\n\t\t\tdata-wp-init=\"callbacks.initTriggerButton\"\n\t\t\tdata-wp-on--click=\"actions.showLightbox\"\n\t\t\tdata-wp-style--right=\"state.imageButtonRight\"\n\t\t\tdata-wp-style--top=\"state.imageButtonTop\"\n\t\t>\n\t\t\t<svg xmlns=\"http:\/\/www.w3.org\/2000\/svg\" width=\"12\" height=\"12\" fill=\"none\" viewbox=\"0 0 12 12\">\n\t\t\t\t<path fill=\"#fff\" d=\"M2 0a2 2 0 0 0-2 2v2h1.5V2a.5.5 0 0 1 .5-.5h2V0H2Zm2 10.5H2a.5.5 0 0 1-.5-.5V8H0v2a2 2 0 0 0 2 2h2v-1.5ZM8 12v-1.5h2a.5.5 0 0 0 .5-.5V8H12v2a2 2 0 0 1-2 2H8Zm2-12a2 2 0 0 1 2 2v2h-1.5V2a.5.5 0 0 0-.5-.5H8V0h2Z\" \/>\n\t\t\t<\/svg>\n\t\t<\/button><\/figure>\n\n\n\n<figure data-wp-context=\"{&quot;imageId&quot;:&quot;69e7caef8d014&quot;}\" data-wp-interactive=\"core\/image\" data-wp-key=\"69e7caef8d014\" class=\"wp-block-image size-large wp-lightbox-container\"><img loading=\"lazy\" decoding=\"async\" width=\"1024\" height=\"683\" data-wp-class--hide=\"state.isContentHidden\" data-wp-class--show=\"state.isContentVisible\" data-wp-init=\"callbacks.setButtonStyles\" data-wp-on--click=\"actions.showLightbox\" data-wp-on--load=\"callbacks.setButtonStyles\" data-wp-on-window--resize=\"callbacks.setButtonStyles\" data-id=\"42\" src=\"https:\/\/kopliautoteenindus.ee\/wp-content\/uploads\/2025\/11\/f83330428b9dbe3f670f180c4e265d4bbc3e2092-1024x683.jpg\" alt=\"\" class=\"wp-image-42\" style=\"aspect-ratio:3\/4;object-fit:cover\" srcset=\"https:\/\/kopliautoteenindus.ee\/wp-content\/uploads\/2025\/11\/f83330428b9dbe3f670f180c4e265d4bbc3e2092-1024x683.jpg 1024w, https:\/\/kopliautoteenindus.ee\/wp-content\/uploads\/2025\/11\/f83330428b9dbe3f670f180c4e265d4bbc3e2092-300x200.jpg 300w, https:\/\/kopliautoteenindus.ee\/wp-content\/uploads\/2025\/11\/f83330428b9dbe3f670f180c4e265d4bbc3e2092-768x512.jpg 768w, https:\/\/kopliautoteenindus.ee\/wp-content\/uploads\/2025\/11\/f83330428b9dbe3f670f180c4e265d4bbc3e2092.jpg 1440w\" sizes=\"auto, (max-width: 1024px) 100vw, 1024px\" \/><button\n\t\t\tclass=\"lightbox-trigger\"\n\t\t\ttype=\"button\"\n\t\t\taria-haspopup=\"dialog\"\n\t\t\taria-label=\"\u0423\u0432\u0435\u043b\u0438\u0447\u0438\u0442\u044c\"\n\t\t\tdata-wp-init=\"callbacks.initTriggerButton\"\n\t\t\tdata-wp-on--click=\"actions.showLightbox\"\n\t\t\tdata-wp-style--right=\"state.imageButtonRight\"\n\t\t\tdata-wp-style--top=\"state.imageButtonTop\"\n\t\t>\n\t\t\t<svg xmlns=\"http:\/\/www.w3.org\/2000\/svg\" width=\"12\" height=\"12\" fill=\"none\" viewbox=\"0 0 12 12\">\n\t\t\t\t<path fill=\"#fff\" d=\"M2 0a2 2 0 0 0-2 2v2h1.5V2a.5.5 0 0 1 .5-.5h2V0H2Zm2 10.5H2a.5.5 0 0 1-.5-.5V8H0v2a2 2 0 0 0 2 2h2v-1.5ZM8 12v-1.5h2a.5.5 0 0 0 .5-.5V8H12v2a2 2 0 0 1-2 2H8Zm2-12a2 2 0 0 1 2 2v2h-1.5V2a.5.5 0 0 0-.5-.5H8V0h2Z\" \/>\n\t\t\t<\/svg>\n\t\t<\/button><\/figure>\n<\/figure>\n<\/div>\n\n\n\n<div class=\"wp-block-group alignfull has-background-background-color has-background has-global-padding is-layout-constrained wp-container-core-group-is-layout-fb85e995 wp-block-group-is-layout-constrained\" id=\"broneeri-n\u00fc\u00fcd\" style=\"margin-top:0;margin-bottom:0;padding-top:var(--wp--preset--spacing--60);padding-right:var(--wp--preset--spacing--30);padding-bottom:var(--wp--preset--spacing--60);padding-left:var(--wp--preset--spacing--30)\">\n<div class=\"wp-block-group has-global-padding is-layout-constrained wp-block-group-is-layout-constrained\">\n<h2 class=\"wp-block-heading has-text-align-center has-large-font-size\">\u041d\u0430\u0434\u0451\u0436\u043d\u044b\u0439 \u0441\u0435\u0440\u0432\u0438\u0441, \u043a\u043e\u0442\u043e\u0440\u044b\u0439 \u0437\u0430\u0431\u043e\u0442\u0438\u0442\u0441\u044f \u043e \u0432\u0430\u0448\u0435\u043c \u0430\u0432\u0442\u043e\u043c\u043e\u0431\u0438\u043b\u0435<\/h2>\n<\/div>\n\n\n\n<div class=\"wp-block-buttons is-content-justification-center is-layout-flex wp-container-core-buttons-is-layout-a89b3969 wp-block-buttons-is-layout-flex\">\n<div class=\"wp-block-button\"><a class=\"wp-block-button__link wp-element-button\" href=\"https:\/\/vgsoft.eu\/request\/kopli_autoteenindus\/\" target=\"_blank\" rel=\"noreferrer noopener\">\u0417\u0430\u043f\u0440\u043e\u0441\u0438\u0442\u044c \u0446\u0435\u043d\u0443<\/a><\/div>\n<\/div>\n<\/div>","protected":false},"excerpt":{"rendered":"<p>Usaldusv\u00e4\u00e4rne autoremont ja hooldus Meie eesm\u00e4rk on pakkuda professionaalset autoremonti ja hooldust, et teie auto oleks alati parimas korras. Jagame kirge kvaliteedi ja usaldusv\u00e4\u00e4rsuse vastu, mis suunab k\u00f5iki meie teenuseid ning tagab kliendi rahulolu. Enne igasuguste t\u00f6\u00f6de alustamist\u00a0lepime kokku\u00a0Teiega t\u00e4pselt hinna.See hind\u00a0ei muutu kunagi ilma Teie eelneva kinnituse ja n\u00f5usolekuta. Meie p\u00f5him\u00f5te: l\u00e4bipaistvus ja ausus [&hellip;]<\/p>","protected":false},"author":1,"featured_media":0,"parent":0,"menu_order":0,"comment_status":"closed","ping_status":"closed","template":"page-with-title","meta":{"om_disable_all_campaigns":false,"_monsterinsights_skip_tracking":false,"_monsterinsights_sitenote_active":false,"_monsterinsights_sitenote_note":"","_monsterinsights_sitenote_category":0,"_uf_show_specific_survey":0,"_uf_disable_surveys":false,"footnotes":""},"class_list":["post-28","page","type-page","status-publish","hentry"],"aioseo_notices":[],"_links":{"self":[{"href":"https:\/\/kopliautoteenindus.ee\/ru\/wp-json\/wp\/v2\/pages\/28","targetHints":{"allow":["GET"]}}],"collection":[{"href":"https:\/\/kopliautoteenindus.ee\/ru\/wp-json\/wp\/v2\/pages"}],"about":[{"href":"https:\/\/kopliautoteenindus.ee\/ru\/wp-json\/wp\/v2\/types\/page"}],"author":[{"embeddable":true,"href":"https:\/\/kopliautoteenindus.ee\/ru\/wp-json\/wp\/v2\/users\/1"}],"replies":[{"embeddable":true,"href":"https:\/\/kopliautoteenindus.ee\/ru\/wp-json\/wp\/v2\/comments?post=28"}],"version-history":[{"count":8,"href":"https:\/\/kopliautoteenindus.ee\/ru\/wp-json\/wp\/v2\/pages\/28\/revisions"}],"predecessor-version":[{"id":242,"href":"https:\/\/kopliautoteenindus.ee\/ru\/wp-json\/wp\/v2\/pages\/28\/revisions\/242"}],"wp:attachment":[{"href":"https:\/\/kopliautoteenindus.ee\/ru\/wp-json\/wp\/v2\/media?parent=28"}],"curies":[{"name":"wp","href":"https:\/\/api.w.org\/{rel}","templated":true}]}}