{"id":232,"date":"2025-12-29T12:45:39","date_gmt":"2025-12-29T10:45:39","guid":{"rendered":"https:\/\/kopliautoteenindus.ee\/?page_id=232"},"modified":"2026-03-02T17:57:53","modified_gmt":"2026-03-02T15:57:53","slug":"hinnakiri","status":"publish","type":"page","link":"https:\/\/kopliautoteenindus.ee\/ru\/hinnakiri\/","title":{"rendered":"\u0426\u0435\u043d\u044b"},"content":{"rendered":"<p><\/p>\n\n\n\n<figure class=\"wp-block-table has-small-font-size\"><table class=\"has-fixed-layout\" style=\"border-width:3px\"><thead><tr><td class=\"has-text-align-center\" data-align=\"center\"><strong>\u0423\u0441\u043b\u0443\u0433\u0430<\/strong><\/td><td class=\"has-text-align-center\" data-align=\"center\"><strong>\u0426\u0435\u043d\u0430 (\u20ac)<\/strong><\/td><\/tr><\/thead><tbody><tr><td class=\"has-text-align-center\" data-align=\"center\">\u041e\u0431\u0441\u043b\u0443\u0436\u0438\u0432\u0430\u043d\u0438\u0435 (\u043b\u0435\u0433\u043a\u043e\u0432\u043e\u0439 \u0430\u0432\u0442\u043e\u043c\u043e\u0431\u0438\u043b\u044c)<\/td><td class=\"has-text-align-center\" data-align=\"center\">40 \u0437\u0430 \u0447\u0430\u0441<\/td><\/tr><tr><td class=\"has-text-align-center\" data-align=\"center\">\u041e\u0431\u0441\u043b\u0443\u0436\u0438\u0432\u0430\u043d\u0438\u0435 (\u0432\u043d\u0435\u0434\u043e\u0440\u043e\u0436\u043d\u0438\u043a\/\u0444\u0443\u0440\u0433\u043e\u043d)<\/td><td class=\"has-text-align-center\" data-align=\"center\">45 \u0437\u0430 \u0447\u0430\u0441<\/td><\/tr><tr><td class=\"has-text-align-center\" data-align=\"center\">\u0417\u0430\u043c\u0435\u043d\u0430 \u0444\u0438\u043b\u044c\u0442\u0440\u043e\u0432<\/td><td class=\"has-text-align-center\" data-align=\"center\">40 \u0437\u0430 \u0447\u0430\u0441<\/td><\/tr><tr><td class=\"has-text-align-center\" data-align=\"center\">\u0417\u0430\u043c\u0435\u043d\u0430 \u043c\u0430\u0441\u043b\u0430<\/td><td class=\"has-text-align-center\" data-align=\"center\">25 \u0435\u0434\u0438\u043d\u043e\u0440\u0430\u0437\u043e\u0432\u043e<\/td><\/tr><tr><td class=\"has-text-align-center\" data-align=\"center\">\u0417\u0430\u043c\u0435\u043d\u0430 \u043c\u0430\u0441\u043b\u0430 \u0434\u043b\u044f \u0432\u043d\u0435\u0434\u043e\u0440\u043e\u0436\u043d\u0438\u043a\u0430\/\u043c\u0438\u043a\u0440\u043e\u0430\u0432\u0442\u043e\u0431\u0443\u0441\u0430<\/td><td class=\"has-text-align-center\" data-align=\"center\">35 \u0435\u0434\u0438\u043d\u043e\u0440\u0430\u0437\u043e\u0432\u043e<\/td><\/tr><tr><td class=\"has-text-align-center\" data-align=\"center\">\u0417\u0430\u043c\u0435\u043d\u0430 \u043c\u0430\u0441\u043b\u0430 \u0441 \u043a\u043b\u0438\u0435\u043d\u0442\u0441\u043a\u0438\u043c \u043c\u0430\u0441\u043b\u043e\u043c\/\u0444\u0438\u043b\u044c\u0442\u0440\u043e\u043c<\/td><td class=\"has-text-align-center\" data-align=\"center\">35 \u0435\u0434\u0438\u043d\u043e\u0440\u0430\u0437\u043e\u0432\u043e<\/td><\/tr><tr><td class=\"has-text-align-center\" data-align=\"center\">\u0417\u0430\u043c\u0435\u043d\u0430 \u043c\u0430\u0441\u043b\u0430 \u0441 \u043a\u043b\u0438\u0435\u043d\u0442\u0441\u043a\u0438\u043c \u043c\u0430\u0441\u043b\u043e\u043c\/\u0444\u0438\u043b\u044c\u0442\u0440\u043e\u043c (\u0432\u043d\u0435\u0434\u043e\u0440\u043e\u0436\u043d\u0438\u043a\/\u0444\u0443\u0440\u0433\u043e\u043d)<\/td><td class=\"has-text-align-center\" data-align=\"center\">45 \u0435\u0434\u0438\u043d\u043e\u0440\u0430\u0437\u043e\u0432\u043e<\/td><\/tr><tr><td class=\"has-text-align-center\" data-align=\"center\">\u0422\u0435\u0445\u043d\u0438\u0447\u0435\u0441\u043a\u0438\u0439 \u043e\u0441\u043c\u043e\u0442\u0440 \u0430\u0432\u0442\u043e\u043c\u043e\u0431\u0438\u043b\u044f <strong>\/ \u041f\u0440\u0435\u0434\u043f\u043e\u043a\u0443\u043f\u043e\u0447\u043d\u044b\u0439 \u043e\u0441\u043c\u043e\u0442\u0440<\/strong>+ \u0447\u0442\u0435\u043d\u0438\u0435 \u043e\u0448\u0438\u0431\u043e\u043a<\/td><td class=\"has-text-align-center\" data-align=\"center\">40\/50 \u0435\u0434\u0438\u043d\u043e\u0440\u0430\u0437\u043e\u0432\u043e<\/td><\/tr><tr><td class=\"has-text-align-center\" data-align=\"center\">\u0421\u043d\u044f\u0442\u0438\u0435\/\u0443\u0441\u0442\u0430\u043d\u043e\u0432\u043a\u0430 \u043f\u043e\u0434\u0434\u043e\u043d\u0430 \u043c\u0430\u0441\u043b\u0430<\/td><td class=\"has-text-align-center\" data-align=\"center\">10 \u0435\u0434\u0438\u043d\u043e\u0440\u0430\u0437\u043e\u0432\u043e<\/td><\/tr><tr><td class=\"has-text-align-center\" data-align=\"center\">\u0417\u0430\u043c\u0435\u043d\u0430 \u0440\u0435\u043c\u043d\u044f \u0413\u0420\u041c<\/td><td class=\"has-text-align-center\" data-align=\"center\">\u043d\u0430\u0447\u0438\u043d\u0430\u044f \u043e\u0442 120<\/td><\/tr><tr><td class=\"has-text-align-center\" data-align=\"center\">\u0417\u0430\u043c\u0435\u043d\u0430 \u043c\u0430\u0441\u043b\u0430 \u041c\u041a\u041f\u041f<\/td><td class=\"has-text-align-center\" data-align=\"center\">46 \u0435\u0434\u0438\u043d\u043e\u0440\u0430\u0437\u043e\u0432\u043e<\/td><\/tr><tr><td class=\"has-text-align-center\" data-align=\"center\">\u0427\u0430\u0441\u0442\u0438\u0447\u043d\u0430\u044f \u0437\u0430\u043c\u0435\u043d\u0430 \u043c\u0430\u0441\u043b\u0430 \u0410\u041a\u041f\u041f<\/td><td class=\"has-text-align-center\" data-align=\"center\">68 \u0435\u0434\u0438\u043d\u043e\u0440\u0430\u0437\u043e\u0432\u043e<\/td><\/tr><tr><td class=\"has-text-align-center\" data-align=\"center\">\u041f\u043e\u043b\u043d\u0430\u044f \u0434\u0438\u043d\u0430\u043c\u0438\u0447\u0435\u0441\u043a\u0430\u044f \u0437\u0430\u043c\u0435\u043d\u0430 \u043c\u0430\u0441\u043b\u0430 \u0410\u041a\u041f\u041f<\/td><td class=\"has-text-align-center\" data-align=\"center\">\u041f\u043e \u0437\u0430\u043f\u0440\u043e\u0441\u0443<\/td><\/tr><tr><td class=\"has-text-align-center\" data-align=\"center\">Rehvide vahetus s\u00f5iduato\/maastur         \/kaubik<br><em>Max l\u00e4bim\u00f5\u00f5t 17&#8243;(madal profiil)-18&#8243;(tavaline profiil)<\/em><\/td><td class=\"has-text-align-center\" data-align=\"center\">40\/45\/50<\/td><\/tr><\/tbody><\/table><\/figure>\n\n\n\n<figure class=\"wp-block-table\"><table class=\"has-fixed-layout\" style=\"border-width:3px\"><thead><tr><td class=\"has-text-align-center\" data-align=\"center\"><strong>\u0420\u0435\u043c\u043e\u043d\u0442\u043d\u044b\u0435 \u0440\u0430\u0431\u043e\u0442\u044b<\/strong><\/td><td class=\"has-text-align-center\" data-align=\"center\"><strong>\u0426\u0435\u043d\u0430 (\u20ac)<\/strong><\/td><\/tr><\/thead><tbody><tr><td class=\"has-text-align-center\" data-align=\"center\">\u0420\u0435\u043c\u043e\u043d\u0442 \u043b\u0435\u0433\u043a\u043e\u0432\u043e\u0433\u043e \u0430\u0432\u0442\u043e<\/td><td class=\"has-text-align-center\" data-align=\"center\">40 \u0437\u0430 \u0447\u0430\u0441<\/td><\/tr><tr><td class=\"has-text-align-center\" data-align=\"center\">\u0420\u0435\u043c\u043e\u043d\u0442 \u0432\u043d\u0435\u0434\u043e\u0440\u043e\u0436\u043d\u0438\u043a\/\u0444\u0443\u0440\u0433\u043e\u043d<\/td><td class=\"has-text-align-center\" data-align=\"center\">45 \u0437\u0430 \u0447\u0430\u0441<\/td><\/tr><tr><td class=\"has-text-align-center\" data-align=\"center\">\u0417\u0430\u0442\u0440\u0443\u0434\u043d\u0451\u043d\u043d\u043e\u0435 \u0443\u0434\u0430\u043b\u0435\u043d\u0438\u0435 \u0434\u0435\u0442\u0430\u043b\u0438<\/td><td class=\"has-text-align-center\" data-align=\"center\">40 \u0437\u0430 \u0447\u0430\u0441<\/td><\/tr><tr><td class=\"has-text-align-center\" data-align=\"center\">\u0417\u0430\u043c\u0435\u043d\u0430 \u0442\u043e\u0440\u043c\u043e\u0437\u043d\u044b\u0445 \u043a\u043e\u043b\u043e\u0434\u043e\u043a \u0438 \u0434\u0438\u0441\u043a\u043e\u0432<\/td><td class=\"has-text-align-center\" data-align=\"center\">40 \u0437\u0430 \u0447\u0430\u0441<\/td><\/tr><tr><td class=\"has-text-align-center\" data-align=\"center\">\u0420\u0435\u043c\u043e\u043d\u0442 \u0442\u043e\u0440\u043c\u043e\u0437\u043d\u043e\u0439 \u0441\u0438\u0441\u0442\u0435\u043c\u044b<\/td><td class=\"has-text-align-center\" data-align=\"center\">40 \u0437\u0430 \u0447\u0430\u0441<\/td><\/tr><tr><td class=\"has-text-align-center\" data-align=\"center\">\u0420\u0435\u043c\u043e\u043d\u0442 \u0438 \u0437\u0430\u043c\u0435\u043d\u0430 \u0433\u043b\u0443\u0448\u0438\u0442\u0435\u043b\u044f<\/td><td class=\"has-text-align-center\" data-align=\"center\">40 \u0437\u0430 \u0447\u0430\u0441<\/td><\/tr><tr><td class=\"has-text-align-center\" data-align=\"center\">\u0420\u0435\u043c\u043e\u043d\u0442 \u0433\u0435\u043d\u0435\u0440\u0430\u0442\u043e\u0440\u0430\/\u0441\u0442\u0430\u0440\u0442\u0435\u0440\u0430<\/td><td class=\"has-text-align-center\" data-align=\"center\">40 \u0437\u0430 \u0447\u0430\u0441<\/td><\/tr><tr><td class=\"has-text-align-center\" data-align=\"center\">\u0417\u0430\u043c\u0435\u043d\u0430\/\u0440\u0435\u043c\u043e\u043d\u0442 \u0441\u0446\u0435\u043f\u043b\u0435\u043d\u0438\u044f<\/td><td class=\"has-text-align-center\" data-align=\"center\">40 \u0437\u0430 \u0447\u0430\u0441<\/td><\/tr><tr><td class=\"has-text-align-center\" data-align=\"center\">\u0427\u0442\u0435\u043d\u0438\u0435 \u043e \u0443\u0434\u0430\u043b\u0435\u043d\u0438\u0435 \u043a\u043e\u0434\u043e\u0432 \u043e\u0448\u0438\u0431\u043e\u043a<\/td><td class=\"has-text-align-center\" data-align=\"center\">35 \u0435\u0434\u0438\u043d\u043e\u0440\u0430\u0437\u043e\u0432\u043e<\/td><\/tr><tr><td class=\"has-text-align-center\" data-align=\"center\">\u041a\u043e\u043c\u043f\u044c\u044e\u0442\u0435\u0440\u043d\u0430\u044f \u0434\u0438\u0430\u0433\u043d\u043e\u0441\u0442\u0438\u043a\u0430, \u044d\u043b\u0435\u043a\u0442\u0440\u043e\u0440\u0430\u0431\u043e\u0442\u044b<\/td><td class=\"has-text-align-center\" data-align=\"center\">45 \u0437\u0430 \u0447\u0430\u0441<\/td><\/tr><tr><td class=\"has-text-align-center\" data-align=\"center\">\u0421\u0432\u0430\u0440\u043e\u0447\u043d\u044b\u0435 \u0440\u0430\u0431\u043e\u0442\u044b<\/td><td class=\"has-text-align-center\" data-align=\"center\">45 \u0437\u0430 \u0447\u0430\u0441<\/td><\/tr><tr><td class=\"has-text-align-center\" data-align=\"center\">\u041f\u0440\u043e\u0432\u0435\u0440\u043a\u0430 \u0445\u043e\u0434\u043e\u0432\u043e\u0439 \u0447\u0430\u0441\u0442\u0438<\/td><td class=\"has-text-align-center\" data-align=\"center\">20 \u0435\u0434\u0438\u043d\u043e\u0440\u0430\u0437\u043e\u0432\u043e<\/td><\/tr><tr><td class=\"has-text-align-center\" data-align=\"center\">\u041c\u0438\u043d\u0438\u043c\u0430\u043b\u044c\u043d\u0430\u044f \u0446\u0435\u043d\u0430 \u0440\u0430\u0431\u043e\u0442 \u043d\u0430 \u043f\u043e\u0434\u044a\u0451\u043c\u043d\u0438\u043a\u0435<\/td><td class=\"has-text-align-center\" data-align=\"center\">\u043d\u0430\u0447\u0438\u043d\u0430\u044f \u043e\u0442 15<\/td><\/tr><tr><td class=\"has-text-align-center\" data-align=\"center\">\u0423\u0441\u0442\u0430\u043d\u043e\u0432\u043a\u0430 \u0444\u0430\u0440\u043a\u043e\u043f\u0430<\/td><td class=\"has-text-align-center\" data-align=\"center\">40 \u0437\u0430 \u0447\u0430\u0441<\/td><\/tr><tr><td class=\"has-text-align-center\" data-align=\"center\">\u0420\u0435\u043c\u043e\u043d\u0442 \u043f\u0440\u0438\u0446\u0435\u043f\u0430<\/td><td class=\"has-text-align-center\" data-align=\"center\">40 \u0437\u0430 \u0447\u0430\u0441<\/td><\/tr><\/tbody><\/table><\/figure>\n\n\n\n<figure class=\"wp-block-table\"><table class=\"has-fixed-layout\" style=\"border-width:3px\"><thead><tr><td class=\"has-text-align-center\" data-align=\"center\"><strong>3D \u0440\u0430\u0437\u0432\u0430\u043b-\u0441\u0445\u043e\u0436\u0434\u0435\u043d\u0438\u0435<\/strong><\/td><td class=\"has-text-align-center\" data-align=\"center\"><strong>\u0426\u0435\u043d\u0430 (\u20ac)<\/strong><\/td><\/tr><\/thead><tbody><tr><td class=\"has-text-align-center\" data-align=\"center\">\u0420\u0435\u0433\u0443\u043b\u0438\u0440\u043e\u0432\u043a\u0430 \u043f\u0435\u0440\u0435\u0434\u043d\u0435\u0439 \u043e\u0441\u0438 (\u043b\u0435\u0433\u043a\u043e\u0432\u043e\u0435 \u0430\u0432\u0442\u043e)<\/td><td class=\"has-text-align-center\" data-align=\"center\">50<\/td><\/tr><tr><td class=\"has-text-align-center\" data-align=\"center\">\u041f\u0435\u0440\u0435\u0434\u043d\u044f\u044f + \u0437\u0430\u0434\u043d\u044f\u044f \u043e\u0441\u044c (\u043b\u0435\u0433\u043a\u043e\u0432\u043e\u0435 \u0430\u0432\u0442\u043e)<\/td><td class=\"has-text-align-center\" data-align=\"center\">65<\/td><\/tr><tr><td class=\"has-text-align-center\" data-align=\"center\">\u041f\u0435\u0440\u0435\u0434\u043d\u044f\u044f \u043e\u0441\u044c (\u0432\u043d\u0435\u0434\u043e\u0440\u043e\u0436\u043d\u0438\u043a)<\/td><td class=\"has-text-align-center\" data-align=\"center\">55<\/td><\/tr><tr><td class=\"has-text-align-center\" data-align=\"center\">\u041f\u0435\u0440\u0435\u0434\u043d\u044f\u044f + \u0437\u0430\u0434\u043d\u044f\u044f \u043e\u0441\u044c (\u0432\u043d\u0435\u0434\u043e\u0440\u043e\u0436\u043d\u0438\u043a)<\/td><td class=\"has-text-align-center\" data-align=\"center\">70<\/td><\/tr><\/tbody><\/table><\/figure>\n\n\n\n<figure class=\"wp-block-table\"><table class=\"has-fixed-layout\"><thead><tr><td class=\"has-text-align-center\" data-align=\"center\"><strong>\u041e\u0431\u0441\u043b\u0443\u0436\u0438\u0432\u0430\u043d\u0438\u0435 \u043a\u043e\u043d\u0434\u0438\u0446\u0438\u043e\u043d\u0435\u0440\u0430 \u0443 \u043d\u0430\u0448\u0438\u0445 \u043f\u0430\u0440\u0442\u043d\u0451\u0440\u043e\u0432<\/strong><\/td><td class=\"has-text-align-center\" data-align=\"center\"><strong>\u0426\u0435\u043d\u0430 (\u20ac)<\/strong><\/td><\/tr><\/thead><tbody><tr><td class=\"has-text-align-center\" data-align=\"center\">\u041f\u0440\u043e\u0432\u0435\u0440\u043a\u0430 \u0432\u0430\u043a\u0443\u0443\u043c\u0430\/\u0442\u0435\u0441\u0442 \u043d\u0430 \u0443\u0442\u0435\u0447\u043a\u0438<\/td><td class=\"has-text-align-center\" data-align=\"center\">\u041f\u043e \u0437\u0430\u043f\u0440\u043e\u0441\u0443<\/td><\/tr><tr><td class=\"has-text-align-center\" data-align=\"center\">\u0417\u0430\u043f\u0440\u0430\u0432\u043a\u0430 (\u0431\u0435\u0437 \u0445\u043b\u0430\u0434\u0430\u0433\u0435\u043d\u0442\u0430)<\/td><td class=\"has-text-align-center\" data-align=\"center\">\u041f\u043e \u0437\u0430\u043f\u0440\u043e\u0441\u0443<\/td><\/tr><tr><td class=\"has-text-align-center\" data-align=\"center\">\u0425\u043b\u0430\u0434\u0430\u0433\u0435\u043d\u0442 R134A (100 \u0433)<\/td><td class=\"has-text-align-center\" data-align=\"center\">\u041f\u043e \u0437\u0430\u043f\u0440\u043e\u0441\u0443<\/td><\/tr><\/tbody><\/table><\/figure>\n\n\n\n<p class=\"has-text-align-right\"><p class=\"has-text-align-right\" style=\"color:#ffffff\">\u0426\u0435\u043d\u044b \u0441\u043e\u0434\u0435\u0440\u0436\u0430\u0442 \u043d\u0430\u043b\u043e\u0433 \u0441 \u043e\u0431\u043e\u0440\u043e\u0442\u0430 24%<\/p><\/p>\n\n\n\n<p><\/p>","protected":false},"excerpt":{"rendered":"<p>Teenus Hind (\u20ac) Teenindus (s\u00f5iduauto) 40 tunni eest Teenindus (maastur\/kaubik) 45 tunni eest Filterite vahetus 40 tunni eest \u00d5livahetus 25 \u00fchekordne \u00d5livahetus (maastur\/kaubik) 35 \u00fchekordne \u00d5livahetus kliendi \u00f5li\/filtriga 35 \u00fchekordne \u00d5livahetus kliendi \u00f5li\/filtriga (maastur\/kaubik) 45 \u00fchekordne Auto tehniline kontroll (ostueelne kontroll)\/koos veakoodide lugemisega 40\/50 \u00fchekordne \u00d5lisumda eemaldamine\/paigaldamine 10 \u00fchekordne Hammasrihma vahetus alates 120 Manuaalk\u00e4igukasti \u00f5livahetus [&hellip;]<\/p>","protected":false},"author":1,"featured_media":0,"parent":0,"menu_order":0,"comment_status":"closed","ping_status":"closed","template":"page-with-title","meta":{"om_disable_all_campaigns":false,"_monsterinsights_skip_tracking":false,"_monsterinsights_sitenote_active":false,"_monsterinsights_sitenote_note":"","_monsterinsights_sitenote_category":0,"_uf_show_specific_survey":0,"_uf_disable_surveys":false,"footnotes":""},"class_list":["post-232","page","type-page","status-publish","hentry"],"aioseo_notices":[],"_links":{"self":[{"href":"https:\/\/kopliautoteenindus.ee\/ru\/wp-json\/wp\/v2\/pages\/232","targetHints":{"allow":["GET"]}}],"collection":[{"href":"https:\/\/kopliautoteenindus.ee\/ru\/wp-json\/wp\/v2\/pages"}],"about":[{"href":"https:\/\/kopliautoteenindus.ee\/ru\/wp-json\/wp\/v2\/types\/page"}],"author":[{"embeddable":true,"href":"https:\/\/kopliautoteenindus.ee\/ru\/wp-json\/wp\/v2\/users\/1"}],"replies":[{"embeddable":true,"href":"https:\/\/kopliautoteenindus.ee\/ru\/wp-json\/wp\/v2\/comments?post=232"}],"version-history":[{"count":21,"href":"https:\/\/kopliautoteenindus.ee\/ru\/wp-json\/wp\/v2\/pages\/232\/revisions"}],"predecessor-version":[{"id":570,"href":"https:\/\/kopliautoteenindus.ee\/ru\/wp-json\/wp\/v2\/pages\/232\/revisions\/570"}],"wp:attachment":[{"href":"https:\/\/kopliautoteenindus.ee\/ru\/wp-json\/wp\/v2\/media?parent=232"}],"curies":[{"name":"wp","href":"https:\/\/api.w.org\/{rel}","templated":true}]}}